{"id":2585,"date":"2025-11-28T17:26:47","date_gmt":"2025-11-28T09:26:47","guid":{"rendered":"https:\/\/www.dakingsrapid.com\/?page_id=2585"},"modified":"2026-01-13T04:45:34","modified_gmt":"2026-01-13T09:45:34","slug":"cnc-faqs","status":"publish","type":"page","link":"https:\/\/www.dakingsrapid.com\/es\/cnc-faqs\/","title":{"rendered":"Preguntas frecuentes sobre el CNC"},"content":{"rendered":"<div data-elementor-type=\"wp-page\" data-elementor-id=\"2585\" class=\"elementor elementor-2585\" data-elementor-post-type=\"page\">\n\t\t\t\t<div class=\"elementor-element elementor-element-8d698a7 e-flex e-con-boxed e-con e-parent\" data-id=\"8d698a7\" data-element_type=\"container\">\n\t\t\t\t\t<div class=\"e-con-inner\">\n\t\t\t\t<div class=\"elementor-element elementor-element-d951e40 elementor-widget elementor-widget-spacer\" data-id=\"d951e40\" data-element_type=\"widget\" data-widget_type=\"spacer.default\">\n\t\t\t\t\t\t\t\t\t<div class=\"elementor-spacer\">\n\t\t\t<div class=\"elementor-spacer-inner\"><\/div>\n\t\t<\/div>\n\t\t\t\t\t\t<\/div>\n\t\t\t\t<div class=\"elementor-element elementor-element-5de356c elementor-widget elementor-widget-heading\" data-id=\"5de356c\" data-element_type=\"widget\" data-widget_type=\"heading.default\">\n\t\t\t\t\t\t\t<h2 class=\"elementor-heading-title elementor-size-default\">Preguntas frecuentes<\/h2>\t\t\t\t<\/div>\n\t\t\t\t\t<\/div>\n\t\t\t\t<\/div>\n\t\t<div class=\"elementor-element elementor-element-dac9563 e-flex e-con-boxed e-con e-parent\" data-id=\"dac9563\" data-element_type=\"container\">\n\t\t\t\t\t<div class=\"e-con-inner\">\n\t\t\t\t<div class=\"elementor-element elementor-element-307b351 elementor-widget elementor-widget-heading\" data-id=\"307b351\" data-element_type=\"widget\" data-widget_type=\"heading.default\">\n\t\t\t\t\t\t\t<h4 class=\"elementor-heading-title elementor-size-default\">Encuentre respuestas r\u00e1pidas a nuestras preguntas m\u00e1s importantes sobre fabricaci\u00f3n y servicios...<\/h4>\t\t\t\t<\/div>\n\t\t\t\t\t<\/div>\n\t\t\t\t<\/div>\n\t\t<div class=\"elementor-element elementor-element-8a7b429 e-flex e-con-boxed e-con e-parent\" data-id=\"8a7b429\" data-element_type=\"container\">\n\t\t\t\t\t<div class=\"e-con-inner\">\n\t\t\t\t<div class=\"elementor-element elementor-element-b2a00e4 elementor-widget elementor-widget-html\" data-id=\"b2a00e4\" data-element_type=\"widget\" data-widget_type=\"html.default\">\n\t\t\t\t\t\t\t<!DOCTYPE html>\r\n<html lang=\"en\">\r\n<head>\r\n    <meta charset=\"UTF-8\">\r\n    <meta name=\"viewport\" content=\"width=device-width, initial-scale=1.0\">\r\n    <title>FAQ - Dakings Rapid<\/title>\r\n    <style>\r\n        \/* \u6a23\u5f0f\u5c01\u88dd\uff1a\u78ba\u4fdd\u8207\u5916\u90e8\u74b0\u5883\u9694\u96e2 *\/\r\n        .dr-faq-container {\r\n            max-width: 900px;\r\n            margin: 40px auto;\r\n            padding: 0 20px;\r\n            font-family: -apple-system, BlinkMacSystemFont, \"Segoe UI\", Roboto, Helvetica, Arial, sans-serif;\r\n            color: #333;\r\n            line-height: 1.7;\r\n        }\r\n\r\n        .dr-faq-item {\r\n            margin-bottom: 30px;\r\n            background: #ffffff;\r\n            border: 1px solid #f0f0f0;\r\n            border-left: 5px solid #009FB2;\r\n            border-radius: 4px 8px 8px 4px;\r\n            padding: 24px;\r\n            box-shadow: 0 2px 10px rgba(0, 0, 0, 0.02);\r\n            opacity: 0;\r\n            transform: translateY(20px);\r\n            transition: transform 0.3s ease, box-shadow 0.3s ease;\r\n        }\r\n\r\n        .dr-faq-item:hover {\r\n            box-shadow: 0 5px 15px rgba(0, 159, 178, 0.08);\r\n            transform: translateY(-2px);\r\n        }\r\n\r\n        .dr-faq-question-title {\r\n            display: flex;\r\n            align-items: flex-start;\r\n            font-weight: 700;\r\n            font-size: 18px;\r\n            color: #111;\r\n            margin-bottom: 12px;\r\n        }\r\n\r\n        .dr-faq-question-title::before {\r\n            content: \"Q:\"; \/* \u5df2\u52a0\u5165\u5192\u865f *\/\r\n            margin-right: 12px;\r\n            color: #009FB2;\r\n            font-size: 20px;\r\n            flex-shrink: 0;\r\n            min-width: 25px; \/* \u7a0d\u5fae\u589e\u52a0\u5bec\u5ea6\u4ee5\u5bb9\u7d0d\u5192\u865f *\/\r\n        }\r\n\r\n        .dr-faq-answer-content {\r\n            display: flex;\r\n            align-items: flex-start;\r\n            font-size: 15px;\r\n            color: #444;\r\n        }\r\n\r\n        .dr-faq-answer-content::before {\r\n            content: \"A:\"; \/* \u5df2\u52a0\u5165\u5192\u865f *\/\r\n            margin-right: 12px;\r\n            font-weight: 600;\r\n            color: #999;\r\n            font-size: 18px;\r\n            flex-shrink: 0;\r\n            min-width: 25px; \/* \u7a0d\u5fae\u589e\u52a0\u5bec\u5ea6\u4ee5\u5bb9\u7d0d\u5192\u865f *\/\r\n        }\r\n\r\n        .dr-faq-text {\r\n            flex: 1;\r\n            white-space: pre-line;\r\n            word-break: break-word;\r\n        }\r\n\r\n        .dr-brand-color {\r\n            color: #009FB2;\r\n            font-weight: 600;\r\n        }\r\n\r\n        .dr-animate-in {\r\n            animation: drFadeUp 0.6s ease-out forwards;\r\n        }\r\n\r\n        @keyframes drFadeUp {\r\n            to {\r\n                opacity: 1;\r\n                transform: translateY(0);\r\n            }\r\n        }\r\n\r\n        \/* \u624b\u6a5f\u7aef\u9069\u914d *\/\r\n        @media (max-width: 768px) {\r\n            .dr-faq-container { margin: 20px auto; padding: 0 15px; }\r\n            .dr-faq-item { padding: 16px; margin-bottom: 20px; }\r\n            .dr-faq-question-title { font-size: 16px; margin-bottom: 8px; }\r\n            .dr-faq-answer-content { font-size: 14px; }\r\n            \r\n            .dr-faq-question-title::before,\r\n            .dr-faq-answer-content::before {\r\n                margin-right: 8px;\r\n                min-width: 20px;\r\n            }\r\n        }\r\n\r\n        @media (max-width: 400px) {\r\n            .dr-faq-item { padding: 12px; }\r\n        }\r\n    <\/style>\r\n<\/head>\r\n<body>\r\n\r\n    <div class=\"dr-faq-container\">\r\n        <!-- 1 -->\r\n        <div class=\"dr-faq-item\">\r\n            <div class=\"dr-faq-question-title\">\u00bfC\u00f3mo puedo pagar?<\/div>\r\n            <div class=\"dr-faq-answer-content\">\r\n                <div class=\"dr-faq-text\">Aceptamos el pago mediante transferencia bancaria a Hong Kong o China. Tambi\u00e9n se acepta el pago a trav\u00e9s de <span class=\"dr-brand-color\">Paypal<\/span> aunque esto conlleva un cargo por servicio de 4%. Paypal puede aceptar determinadas transacciones con tarjeta de cr\u00e9dito.<\/div>\r\n            <\/div>\r\n        <\/div>\r\n\r\n        <!-- 2 -->\r\n        <div class=\"dr-faq-item\">\r\n            <div class=\"dr-faq-question-title\">\u00bfQu\u00e9 pasa con el cr\u00e9dito y las condiciones de pago?<\/div>\r\n            <div class=\"dr-faq-answer-content\">\r\n                <div class=\"dr-faq-text\">Por lo general, solicitamos a los clientes que se atengan a nuestras condiciones de pago est\u00e1ndar al menos durante el primer pedido. \u00c9stas son <span class=\"dr-brand-color\">50% dep\u00f3sito y 50% antes del env\u00edo<\/span>. Es posible negociar otras condiciones de pago, como el pago neto a 30, pero \u00e9stas se acuerdan caso por caso.<\/div>\r\n            <\/div>\r\n        <\/div>\r\n\r\n        <!-- 3 -->\r\n        <div class=\"dr-faq-item\">\r\n            <div class=\"dr-faq-question-title\">\u00bfLos plazos se expresan en d\u00edas laborables o naturales?<\/div>\r\n            <div class=\"dr-faq-answer-content\">\r\n                <div class=\"dr-faq-text\">Los plazos de entrega se indican en <span class=\"dr-brand-color\">d\u00edas naturales<\/span>. De acuerdo con nuestros T\u00e9rminos y Condiciones, los plazos de entrega indicados comienzan s\u00f3lo despu\u00e9s de la finalizaci\u00f3n y confirmaci\u00f3n del dise\u00f1o para la revisi\u00f3n de fabricaci\u00f3n y el inicio de la producci\u00f3n real.<\/div>\r\n            <\/div>\r\n        <\/div>\r\n\r\n        <!-- 4 -->\r\n        <div class=\"dr-faq-item\">\r\n            <div class=\"dr-faq-question-title\">\u00bfC\u00f3mo se compara el precio de Dakings Rapid con el de otros proveedores?<\/div>\r\n            <div class=\"dr-faq-answer-content\">\r\n                <div class=\"dr-faq-text\">Aunque las comparaciones directas son dif\u00edciles, los precios de Dakings ser\u00e1n t\u00edpicamente <span class=\"dr-brand-color\">25-45% menos<\/span> para herramientas de moldes de inyecci\u00f3n de pl\u00e1stico y piezas mecanizadas \/ torneadas CNC en comparaci\u00f3n con los proveedores de Norteam\u00e9rica y Europa.\r\n\r\nEn comparaci\u00f3n con los proveedores chinos, elegimos no competir en precio, sino ofrecer los m\u00e1s altos niveles de calidad, respuesta r\u00e1pida y resultados profesionales.<\/div>\r\n            <\/div>\r\n        <\/div>\r\n\r\n        <!-- 5 -->\r\n        <div class=\"dr-faq-item\">\r\n            <div class=\"dr-faq-question-title\">\u00bfC\u00f3mo s\u00e9 que mi dise\u00f1o ser\u00e1 confidencial?<\/div>\r\n            <div class=\"dr-faq-answer-content\">\r\n                <div class=\"dr-faq-text\">Por supuesto, firmaremos y respetaremos cualquier acuerdo de confidencialidad. Tambi\u00e9n tenemos una pol\u00edtica estricta dentro de nuestra f\u00e1brica por la que nunca se permiten fotograf\u00edas del producto de un cliente sin su permiso expreso. En \u00faltima instancia, nos basamos en nuestra reputaci\u00f3n de trabajar con cientos de miles de dise\u00f1os \u00fanicos a lo largo de muchos a\u00f1os y no permitir nunca que se revele a terceros ninguna informaci\u00f3n sujeta a derechos de propiedad.<\/div>\r\n            <\/div>\r\n        <\/div>\r\n\r\n        <!-- 6 -->\r\n        <div class=\"dr-faq-item\">\r\n            <div class=\"dr-faq-question-title\">\u00bfPuedo utilizar mi propio modelo maestro para hacer copias duplicadas para fundici\u00f3n en vac\u00edo o mecanizado CNC?<\/div>\r\n            <div class=\"dr-faq-answer-content\">\r\n                <div class=\"dr-faq-text\">S\u00ed, los modelos maestros se utilizan para crear moldes de silicona para colado al vac\u00edo y pueden fabricarse con cualquier s\u00f3lido r\u00edgido que soporte un calor de hasta 100 \u00b0C. Los modelos utilizados para el mecanizado CNC se escanear\u00e1n en 3D para crear un programa CAD\/CAM para la producci\u00f3n.<\/div>\r\n            <\/div>\r\n        <\/div>\r\n\r\n        <!-- 7 -->\r\n        <div class=\"dr-faq-item\">\r\n            <div class=\"dr-faq-question-title\">\u00bfPuedo utilizar mi propio material para la producci\u00f3n?<\/div>\r\n            <div class=\"dr-faq-answer-content\">\r\n                <div class=\"dr-faq-text\">S\u00ed, el material suministrado por el cliente est\u00e1 bien siempre que se ajuste a las capacidades de nuestras m\u00e1quinas.<\/div>\r\n            <\/div>\r\n        <\/div>\r\n\r\n        <!-- 8 -->\r\n        <div class=\"dr-faq-item\">\r\n            <div class=\"dr-faq-question-title\">\u00bfY si no soy feliz?<\/div>\r\n            <div class=\"dr-faq-answer-content\">\r\n                <div class=\"dr-faq-text\">Si las piezas le llegan y por cualquier motivo no est\u00e1 satisfecho, deber\u00e1 notificarlo a Dakings Rapid en el plazo de <span class=\"dr-brand-color\">7 d\u00edas<\/span> de recibir las piezas y las sustituiremos o reelaboraremos gratuitamente.<\/div>\r\n            <\/div>\r\n        <\/div>\r\n\r\n        <!-- 9 -->\r\n        <div class=\"dr-faq-item\">\r\n            <div class=\"dr-faq-question-title\">\u00bfCu\u00e1les son las condiciones de env\u00edo de Dakings Rapid?<\/div>\r\n            <div class=\"dr-faq-answer-content\">\r\n                <div class=\"dr-faq-text\">Todos los proyectos son <span class=\"dr-brand-color\">DDU<\/span> salvo que se indique lo contrario. Esto significa que el presupuesto incluye todos los gastos de transporte hasta el puerto de su elecci\u00f3n. Todos los impuestos de importaci\u00f3n y otros impuestos en su pa\u00eds son su propia responsabilidad. Si necesita condiciones de env\u00edo diferentes, podemos negociarlas caso por caso.<\/div>\r\n            <\/div>\r\n        <\/div>\r\n\r\n        <!-- 10 -->\r\n        <div class=\"dr-faq-item\">\r\n            <div class=\"dr-faq-question-title\">\u00bfQu\u00e9 tolerancias puede alcanzar?<\/div>\r\n            <div class=\"dr-faq-answer-content\">\r\n                <div class=\"dr-faq-text\">Por lo general, Dakings Rapid trabaja para <span class=\"dr-brand-color\">ISO 2768-1<\/span> (F para metal mecanizado, M para pl\u00e1stico mecanizado, C para fundici\u00f3n en vac\u00edo). A veces podemos conseguir tolerancias m\u00e1s estrictas, pero esto depende de la geometr\u00eda y el material de la pieza. Si necesita tolerancias m\u00e1s estrictas que la norma ISO indicada anteriormente, deber\u00e1 indicarlo y negociarlo en el momento de realizar el presupuesto.<\/div>\r\n            <\/div>\r\n        <\/div>\r\n\r\n        <!-- 11 -->\r\n        <div class=\"dr-faq-item\">\r\n            <div class=\"dr-faq-question-title\">\u00bfC\u00f3mo se gestiona la calidad?<\/div>\r\n            <div class=\"dr-faq-answer-content\">\r\n                <div class=\"dr-faq-text\"><strong>Primera etapa:<\/strong> En el momento del presupuesto, ingenieros altamente experimentados realizar\u00e1n un DFM completo. Destacar\u00e1n cualquier \u00e1rea problem\u00e1tica o sugerir\u00e1n cambios. \r\n<strong>Segunda fase:<\/strong> Inspecci\u00f3n de entrada de materiales con <span class=\"dr-brand-color\">Espectr\u00f3metro PIM<\/span>. \r\n<strong>Tercera etapa:<\/strong> Inspecci\u00f3n completa de control de calidad e informe antes del env\u00edo.<\/div>\r\n            <\/div>\r\n        <\/div>\r\n\r\n        <!-- 12 -->\r\n        <div class=\"dr-faq-item\">\r\n            <div class=\"dr-faq-question-title\">\u00bfCu\u00e1nto se tarda en recibir un presupuesto?<\/div>\r\n            <div class=\"dr-faq-answer-content\">\r\n                <div class=\"dr-faq-text\">Nuestro objetivo es presupuestar todos los proyectos de prototipos en 24 horas. Todos los proyectos de utillaje r\u00e1pido en 24 horas. Todas las herramientas de moldeo por inyecci\u00f3n, producci\u00f3n y exportaci\u00f3n en 3 d\u00edas. A veces hay procesos y materiales que Dakings Rapid no ofrece en la casa; estos podr\u00edan a\u00f1adir tiempo a la cita y se destacar\u00e1 como y cuando.<\/div>\r\n            <\/div>\r\n        <\/div>\r\n\r\n        <!-- 13 -->\r\n        <div class=\"dr-faq-item\">\r\n            <div class=\"dr-faq-question-title\">\u00bfQu\u00e9 tipo de archivos aceptan para presupuestar?<\/div>\r\n            <div class=\"dr-faq-answer-content\">\r\n                <div class=\"dr-faq-text\">Para poder ofrecer un presupuesto preciso y puntual, s\u00f3lo aceptamos archivos CAD 3D en <span class=\"dr-brand-color\">STL, STEP o IGES<\/span> formato. Los dibujos 2D con dimensiones de referencia deben estar en formato PDF. Por favor, no proporcione ninguna otra informaci\u00f3n de fabricaci\u00f3n como parte de esta documentaci\u00f3n t\u00e9cnica. Las comunicaciones informales por SMS, Skype, correo electr\u00f3nico, etc., no se considerar\u00e1n admisibles a efectos de fabricaci\u00f3n.<\/div>\r\n            <\/div>\r\n        <\/div>\r\n\r\n        <!-- 14 -->\r\n        <div class=\"dr-faq-item\">\r\n            <div class=\"dr-faq-question-title\">\u00bfPuede Dakings hacer dibujos de dise\u00f1o para m\u00ed?<\/div>\r\n            <div class=\"dr-faq-answer-content\">\r\n                <div class=\"dr-faq-text\">No ofrecemos servicios de dise\u00f1o. Usted es responsable de enviar los planos CAD en 2D y 3D, y nosotros podemos proporcionarle una revisi\u00f3n del dise\u00f1o para fabricaci\u00f3n cuando recibamos su pedido. Lea c\u00f3mo preparar sus dibujos CAD para la fabricaci\u00f3n.<\/div>\r\n            <\/div>\r\n        <\/div>\r\n\r\n        <!-- 15 -->\r\n        <div class=\"dr-faq-item\">\r\n            <div class=\"dr-faq-question-title\">\u00bfDesde qu\u00e9 lugares opera Dakings Rapid?<\/div>\r\n            <div class=\"dr-faq-answer-content\">\r\n                <div class=\"dr-faq-text\">Dakings Rapid's <span class=\"dr-brand-color\">&gt;17000m2<\/span> La f\u00e1brica se encuentra en ChangAn, Dongguan, y la sede central y los equipos de contabilidad y proyectos, en Shajing, Shenzhen.<\/div>\r\n            <\/div>\r\n        <\/div>\r\n    <\/div>\r\n\r\n    <script>\r\n        document.addEventListener('DOMContentLoaded', () => {\r\n            const observer = new IntersectionObserver((entries) => {\r\n                entries.forEach((entry, index) => {\r\n                    if (entry.isIntersecting) {\r\n                        setTimeout(() => {\r\n                            entry.target.classList.add('dr-animate-in');\r\n                        }, index % 5 * 60);\r\n                        observer.unobserve(entry.target);\r\n                    }\r\n                });\r\n            }, { threshold: 0.1 });\r\n\r\n            document.querySelectorAll('.dr-faq-item').forEach(item => {\r\n                observer.observe(item);\r\n            });\r\n        });\r\n    <\/script>\r\n<\/body>\r\n<\/html>\t\t\t\t<\/div>\n\t\t\t\t\t<\/div>\n\t\t\t\t<\/div>\n\t\t\t\t<\/div>","protected":false},"excerpt":{"rendered":"<p>Frequently Asked Questions Find quick answers to our most important manufacturing and service questions.. FAQ &#8211; Dakings Rapid How can [&hellip;]<\/p>\n","protected":false},"author":1,"featured_media":0,"parent":0,"menu_order":0,"comment_status":"closed","ping_status":"closed","template":"","meta":{"site-sidebar-layout":"no-sidebar","site-content-layout":"","ast-site-content-layout":"full-width-container","site-content-style":"default","site-sidebar-style":"default","ast-global-header-display":"","ast-banner-title-visibility":"","ast-main-header-display":"","ast-hfb-above-header-display":"","ast-hfb-below-header-display":"","ast-hfb-mobile-header-display":"","site-post-title":"disabled","ast-breadcrumbs-content":"","ast-featured-img":"disabled","footer-sml-layout":"","ast-disable-related-posts":"","theme-transparent-header-meta":"","adv-header-id-meta":"","stick-header-meta":"","header-above-stick-meta":"","header-main-stick-meta":"","header-below-stick-meta":"","astra-migrate-meta-layouts":"default","ast-page-background-enabled":"default","ast-page-background-meta":{"desktop":{"background-color":"var(--ast-global-color-5)","background-image":"","background-repeat":"repeat","background-position":"center center","background-size":"auto","background-attachment":"scroll","background-type":"","background-media":"","overlay-type":"","overlay-color":"","overlay-opacity":"","overlay-gradient":""},"tablet":{"background-color":"","background-image":"","background-repeat":"repeat","background-position":"center center","background-size":"auto","background-attachment":"scroll","background-type":"","background-media":"","overlay-type":"","overlay-color":"","overlay-opacity":"","overlay-gradient":""},"mobile":{"background-color":"","background-image":"","background-repeat":"repeat","background-position":"center center","background-size":"auto","background-attachment":"scroll","background-type":"","background-media":"","overlay-type":"","overlay-color":"","overlay-opacity":"","overlay-gradient":""}},"ast-content-background-meta":{"desktop":{"background-color":"var(--ast-global-color-4)","background-image":"","background-repeat":"repeat","background-position":"center center","background-size":"auto","background-attachment":"scroll","background-type":"","background-media":"","overlay-type":"","overlay-color":"","overlay-opacity":"","overlay-gradient":""},"tablet":{"background-color":"var(--ast-global-color-4)","background-image":"","background-repeat":"repeat","background-position":"center center","background-size":"auto","background-attachment":"scroll","background-type":"","background-media":"","overlay-type":"","overlay-color":"","overlay-opacity":"","overlay-gradient":""},"mobile":{"background-color":"var(--ast-global-color-4)","background-image":"","background-repeat":"repeat","background-position":"center center","background-size":"auto","background-attachment":"scroll","background-type":"","background-media":"","overlay-type":"","overlay-color":"","overlay-opacity":"","overlay-gradient":""}},"footnotes":""},"class_list":["post-2585","page","type-page","status-publish","hentry"],"_links":{"self":[{"href":"https:\/\/www.dakingsrapid.com\/es\/wp-json\/wp\/v2\/pages\/2585","targetHints":{"allow":["GET"]}}],"collection":[{"href":"https:\/\/www.dakingsrapid.com\/es\/wp-json\/wp\/v2\/pages"}],"about":[{"href":"https:\/\/www.dakingsrapid.com\/es\/wp-json\/wp\/v2\/types\/page"}],"author":[{"embeddable":true,"href":"https:\/\/www.dakingsrapid.com\/es\/wp-json\/wp\/v2\/users\/1"}],"replies":[{"embeddable":true,"href":"https:\/\/www.dakingsrapid.com\/es\/wp-json\/wp\/v2\/comments?post=2585"}],"version-history":[{"count":0,"href":"https:\/\/www.dakingsrapid.com\/es\/wp-json\/wp\/v2\/pages\/2585\/revisions"}],"wp:attachment":[{"href":"https:\/\/www.dakingsrapid.com\/es\/wp-json\/wp\/v2\/media?parent=2585"}],"curies":[{"name":"wp","href":"https:\/\/api.w.org\/{rel}","templated":true}]}}