{"id":2585,"date":"2025-11-28T17:26:47","date_gmt":"2025-11-28T09:26:47","guid":{"rendered":"https:\/\/www.dakingsrapid.com\/?page_id=2585"},"modified":"2026-01-13T04:45:34","modified_gmt":"2026-01-13T09:45:34","slug":"faqs-cnc","status":"publish","type":"page","link":"https:\/\/www.dakingsrapid.com\/fr\/cnc-faqs\/","title":{"rendered":"FAQ sur la CNC"},"content":{"rendered":"<div data-elementor-type=\"wp-page\" data-elementor-id=\"2585\" class=\"elementor elementor-2585\" data-elementor-post-type=\"page\">\n\t\t\t\t<div class=\"elementor-element elementor-element-8d698a7 e-flex e-con-boxed e-con e-parent\" data-id=\"8d698a7\" data-element_type=\"container\">\n\t\t\t\t\t<div class=\"e-con-inner\">\n\t\t\t\t<div class=\"elementor-element elementor-element-d951e40 elementor-widget elementor-widget-spacer\" data-id=\"d951e40\" data-element_type=\"widget\" data-widget_type=\"spacer.default\">\n\t\t\t\t\t\t\t\t\t<div class=\"elementor-spacer\">\n\t\t\t<div class=\"elementor-spacer-inner\"><\/div>\n\t\t<\/div>\n\t\t\t\t\t\t<\/div>\n\t\t\t\t<div class=\"elementor-element elementor-element-5de356c elementor-widget elementor-widget-heading\" data-id=\"5de356c\" data-element_type=\"widget\" data-widget_type=\"heading.default\">\n\t\t\t\t\t\t\t<h2 class=\"elementor-heading-title elementor-size-default\">Questions fr\u00e9quemment pos\u00e9es<\/h2>\t\t\t\t<\/div>\n\t\t\t\t\t<\/div>\n\t\t\t\t<\/div>\n\t\t<div class=\"elementor-element elementor-element-dac9563 e-flex e-con-boxed e-con e-parent\" data-id=\"dac9563\" data-element_type=\"container\">\n\t\t\t\t\t<div class=\"e-con-inner\">\n\t\t\t\t<div class=\"elementor-element elementor-element-307b351 elementor-widget elementor-widget-heading\" data-id=\"307b351\" data-element_type=\"widget\" data-widget_type=\"heading.default\">\n\t\t\t\t\t\t\t<h4 class=\"elementor-heading-title elementor-size-default\">Trouvez des r\u00e9ponses rapides \u00e0 nos questions les plus importantes en mati\u00e8re de fabrication et de service...<\/h4>\t\t\t\t<\/div>\n\t\t\t\t\t<\/div>\n\t\t\t\t<\/div>\n\t\t<div class=\"elementor-element elementor-element-8a7b429 e-flex e-con-boxed e-con e-parent\" data-id=\"8a7b429\" data-element_type=\"container\">\n\t\t\t\t\t<div class=\"e-con-inner\">\n\t\t\t\t<div class=\"elementor-element elementor-element-b2a00e4 elementor-widget elementor-widget-html\" data-id=\"b2a00e4\" data-element_type=\"widget\" data-widget_type=\"html.default\">\n\t\t\t\t\t\t\t<!DOCTYPE html>\r\n<html lang=\"en\">\r\n<head>\r\n    <meta charset=\"UTF-8\">\r\n    <meta name=\"viewport\" content=\"width=device-width, initial-scale=1.0\">\r\n    <title>FAQ - Dakings Rapid<\/title>\r\n    <style>\r\n        \/* \u6a23\u5f0f\u5c01\u88dd\uff1a\u78ba\u4fdd\u8207\u5916\u90e8\u74b0\u5883\u9694\u96e2 *\/\r\n        .dr-faq-container {\r\n            max-width: 900px;\r\n            margin: 40px auto;\r\n            padding: 0 20px;\r\n            font-family: -apple-system, BlinkMacSystemFont, \"Segoe UI\", Roboto, Helvetica, Arial, sans-serif;\r\n            color: #333;\r\n            line-height: 1.7;\r\n        }\r\n\r\n        .dr-faq-item {\r\n            margin-bottom: 30px;\r\n            background: #ffffff;\r\n            border: 1px solid #f0f0f0;\r\n            border-left: 5px solid #009FB2;\r\n            border-radius: 4px 8px 8px 4px;\r\n            padding: 24px;\r\n            box-shadow: 0 2px 10px rgba(0, 0, 0, 0.02);\r\n            opacity: 0;\r\n            transform: translateY(20px);\r\n            transition: transform 0.3s ease, box-shadow 0.3s ease;\r\n        }\r\n\r\n        .dr-faq-item:hover {\r\n            box-shadow: 0 5px 15px rgba(0, 159, 178, 0.08);\r\n            transform: translateY(-2px);\r\n        }\r\n\r\n        .dr-faq-question-title {\r\n            display: flex;\r\n            align-items: flex-start;\r\n            font-weight: 700;\r\n            font-size: 18px;\r\n            color: #111;\r\n            margin-bottom: 12px;\r\n        }\r\n\r\n        .dr-faq-question-title::before {\r\n            content: \"Q:\"; \/* \u5df2\u52a0\u5165\u5192\u865f *\/\r\n            margin-right: 12px;\r\n            color: #009FB2;\r\n            font-size: 20px;\r\n            flex-shrink: 0;\r\n            min-width: 25px; \/* \u7a0d\u5fae\u589e\u52a0\u5bec\u5ea6\u4ee5\u5bb9\u7d0d\u5192\u865f *\/\r\n        }\r\n\r\n        .dr-faq-answer-content {\r\n            display: flex;\r\n            align-items: flex-start;\r\n            font-size: 15px;\r\n            color: #444;\r\n        }\r\n\r\n        .dr-faq-answer-content::before {\r\n            content: \"A:\"; \/* \u5df2\u52a0\u5165\u5192\u865f *\/\r\n            margin-right: 12px;\r\n            font-weight: 600;\r\n            color: #999;\r\n            font-size: 18px;\r\n            flex-shrink: 0;\r\n            min-width: 25px; \/* \u7a0d\u5fae\u589e\u52a0\u5bec\u5ea6\u4ee5\u5bb9\u7d0d\u5192\u865f *\/\r\n        }\r\n\r\n        .dr-faq-text {\r\n            flex: 1;\r\n            white-space: pre-line;\r\n            word-break: break-word;\r\n        }\r\n\r\n        .dr-brand-color {\r\n            color: #009FB2;\r\n            font-weight: 600;\r\n        }\r\n\r\n        .dr-animate-in {\r\n            animation: drFadeUp 0.6s ease-out forwards;\r\n        }\r\n\r\n        @keyframes drFadeUp {\r\n            to {\r\n                opacity: 1;\r\n                transform: translateY(0);\r\n            }\r\n        }\r\n\r\n        \/* \u624b\u6a5f\u7aef\u9069\u914d *\/\r\n        @media (max-width: 768px) {\r\n            .dr-faq-container { margin: 20px auto; padding: 0 15px; }\r\n            .dr-faq-item { padding: 16px; margin-bottom: 20px; }\r\n            .dr-faq-question-title { font-size: 16px; margin-bottom: 8px; }\r\n            .dr-faq-answer-content { font-size: 14px; }\r\n            \r\n            .dr-faq-question-title::before,\r\n            .dr-faq-answer-content::before {\r\n                margin-right: 8px;\r\n                min-width: 20px;\r\n            }\r\n        }\r\n\r\n        @media (max-width: 400px) {\r\n            .dr-faq-item { padding: 12px; }\r\n        }\r\n    <\/style>\r\n<\/head>\r\n<body>\r\n\r\n    <div class=\"dr-faq-container\">\r\n        <!-- 1 -->\r\n        <div class=\"dr-faq-item\">\r\n            <div class=\"dr-faq-question-title\">Comment puis-je payer ?<\/div>\r\n            <div class=\"dr-faq-answer-content\">\r\n                <div class=\"dr-faq-text\">Nous acceptons les paiements par virement bancaire \u00e0 Hong Kong ou en Chine. Nous acceptons \u00e9galement les paiements par <span class=\"dr-brand-color\">Paypal<\/span> mais il y a des frais de service 4% pour cela. Paypal peut accepter certaines transactions par carte de cr\u00e9dit.<\/div>\r\n            <\/div>\r\n        <\/div>\r\n\r\n        <!-- 2 -->\r\n        <div class=\"dr-faq-item\">\r\n            <div class=\"dr-faq-question-title\">Qu'en est-il des conditions de cr\u00e9dit et de paiement ?<\/div>\r\n            <div class=\"dr-faq-answer-content\">\r\n                <div class=\"dr-faq-text\">Nous demandons g\u00e9n\u00e9ralement \u00e0 nos clients de respecter nos conditions de paiement standard au moins pour la premi\u00e8re commande. Ces conditions sont les suivantes <span class=\"dr-brand-color\">50% d\u00e9p\u00f4t et 50% avant l'exp\u00e9dition<\/span>. Il est possible de n\u00e9gocier d'autres conditions de paiement telles que Net 30, mais celles-ci sont convenues au cas par cas.<\/div>\r\n            <\/div>\r\n        <\/div>\r\n\r\n        <!-- 3 -->\r\n        <div class=\"dr-faq-item\">\r\n            <div class=\"dr-faq-question-title\">Les d\u00e9lais sont-ils exprim\u00e9s en jours ouvrables ou en jours calendaires ?<\/div>\r\n            <div class=\"dr-faq-answer-content\">\r\n                <div class=\"dr-faq-text\">Les d\u00e9lais sont indiqu\u00e9s en <span class=\"dr-brand-color\">jours calendaires<\/span>. Conform\u00e9ment \u00e0 nos conditions g\u00e9n\u00e9rales, les d\u00e9lais indiqu\u00e9s ne commencent \u00e0 courir qu'apr\u00e8s l'ach\u00e8vement et la confirmation de l'examen de la conception pour la fabrication et le d\u00e9but de la production effective.<\/div>\r\n            <\/div>\r\n        <\/div>\r\n\r\n        <!-- 4 -->\r\n        <div class=\"dr-faq-item\">\r\n            <div class=\"dr-faq-question-title\">Comment Dakings Rapid se situe-t-il par rapport aux autres fournisseurs en termes de prix ?<\/div>\r\n            <div class=\"dr-faq-answer-content\">\r\n                <div class=\"dr-faq-text\">Bien qu'il soit difficile de faire des comparaisons directes, les prix de Dakings seront g\u00e9n\u00e9ralement les suivants <span class=\"dr-brand-color\">25-45% moins<\/span> pour les outils de moulage par injection de plastique et les pi\u00e8ces usin\u00e9es\/tourn\u00e9es CNC par rapport aux fournisseurs d'Am\u00e9rique du Nord et d'Europe.\r\n\r\nPar rapport aux fournisseurs chinois, nous avons choisi de ne pas rivaliser sur les prix, mais d'offrir les plus hauts niveaux de qualit\u00e9, une r\u00e9ponse rapide et des r\u00e9sultats professionnels.<\/div>\r\n            <\/div>\r\n        <\/div>\r\n\r\n        <!-- 5 -->\r\n        <div class=\"dr-faq-item\">\r\n            <div class=\"dr-faq-question-title\">Comment puis-je savoir que mon dessin restera confidentiel ?<\/div>\r\n            <div class=\"dr-faq-answer-content\">\r\n                <div class=\"dr-faq-text\">Bien entendu, nous signerons et adh\u00e9rerons \u00e0 tout accord de non-divulgation ou de confidentialit\u00e9. Nous appliquons \u00e9galement une politique stricte au sein de notre usine : aucune photographie du produit d'un client n'est autoris\u00e9e sans sa permission expresse. En fin de compte, nous nous appuyons sur notre r\u00e9putation de travailler avec des centaines de milliers de mod\u00e8les uniques pendant de nombreuses ann\u00e9es et de ne jamais permettre qu'une information exclusive soit divulgu\u00e9e \u00e0 une tierce partie.<\/div>\r\n            <\/div>\r\n        <\/div>\r\n\r\n        <!-- 6 -->\r\n        <div class=\"dr-faq-item\">\r\n            <div class=\"dr-faq-question-title\">Puis-je utiliser mon propre mod\u00e8le ma\u00eetre pour r\u00e9aliser des copies destin\u00e9es \u00e0 la coul\u00e9e sous vide ou \u00e0 l'usinage CNC ?<\/div>\r\n            <div class=\"dr-faq-answer-content\">\r\n                <div class=\"dr-faq-text\">Oui, les ma\u00eetres-mod\u00e8les sont utilis\u00e9s pour cr\u00e9er des moules en silicone pour la coul\u00e9e sous vide et peuvent \u00eatre fabriqu\u00e9s \u00e0 partir de n'importe quel solide rigide pouvant r\u00e9sister \u00e0 une chaleur allant jusqu'\u00e0 100\u00b0 C. Les mod\u00e8les utilis\u00e9s pour l'usinage CNC seront scann\u00e9s en 3D pour cr\u00e9er un programme CAO\/FAO pour la production.<\/div>\r\n            <\/div>\r\n        <\/div>\r\n\r\n        <!-- 7 -->\r\n        <div class=\"dr-faq-item\">\r\n            <div class=\"dr-faq-question-title\">Puis-je utiliser mon propre mat\u00e9riel pour la production ?<\/div>\r\n            <div class=\"dr-faq-answer-content\">\r\n                <div class=\"dr-faq-text\">Oui, les mat\u00e9riaux fournis par les clients sont acceptables, \u00e0 condition qu'ils soient compatibles avec les capacit\u00e9s de nos machines.<\/div>\r\n            <\/div>\r\n        <\/div>\r\n\r\n        <!-- 8 -->\r\n        <div class=\"dr-faq-item\">\r\n            <div class=\"dr-faq-question-title\">Et si je ne suis pas heureux ?<\/div>\r\n            <div class=\"dr-faq-answer-content\">\r\n                <div class=\"dr-faq-text\">Si les pi\u00e8ces vous parviennent et que, pour quelque raison que ce soit, vous n'\u00eates pas satisfait, vous devez en informer Dakings Rapid dans les d\u00e9lais suivants <span class=\"dr-brand-color\">7 jours<\/span> de la r\u00e9ception des pi\u00e8ces et nous les remplacerons ou les retravaillerons gratuitement.<\/div>\r\n            <\/div>\r\n        <\/div>\r\n\r\n        <!-- 9 -->\r\n        <div class=\"dr-faq-item\">\r\n            <div class=\"dr-faq-question-title\">Quelles sont les conditions de livraison de Dakings Rapid ?<\/div>\r\n            <div class=\"dr-faq-answer-content\">\r\n                <div class=\"dr-faq-text\">Tous les projets sont <span class=\"dr-brand-color\">DDU<\/span> sauf indication contraire. Cela signifie que le devis comprend tous les frais de transport et les frais d'acheminement vers le port de votre choix. Toutes les taxes d'importation et autres taxes en vigueur dans votre pays sont \u00e0 votre charge. Si vous souhaitez des conditions d'exp\u00e9dition diff\u00e9rentes, elles peuvent \u00eatre n\u00e9goci\u00e9es au cas par cas.<\/div>\r\n            <\/div>\r\n        <\/div>\r\n\r\n        <!-- 10 -->\r\n        <div class=\"dr-faq-item\">\r\n            <div class=\"dr-faq-question-title\">Quelles sont les tol\u00e9rances possibles ?<\/div>\r\n            <div class=\"dr-faq-answer-content\">\r\n                <div class=\"dr-faq-text\">Les Dakings Rapid travaillent g\u00e9n\u00e9ralement \u00e0 <span class=\"dr-brand-color\">ISO 2768-1<\/span> (F pour le m\u00e9tal usin\u00e9, M pour le plastique usin\u00e9, C pour le moulage sous vide). Nous pouvons parfois obtenir des tol\u00e9rances plus serr\u00e9es, mais cela d\u00e9pend de la g\u00e9om\u00e9trie de la pi\u00e8ce et du mat\u00e9riau. Si vous souhaitez des tol\u00e9rances plus strictes que la norme ISO mentionn\u00e9e ci-dessus, elles doivent \u00eatre pr\u00e9cis\u00e9es et n\u00e9goci\u00e9es au moment de l'\u00e9tablissement du devis.<\/div>\r\n            <\/div>\r\n        <\/div>\r\n\r\n        <!-- 11 -->\r\n        <div class=\"dr-faq-item\">\r\n            <div class=\"dr-faq-question-title\">Comment g\u00e9rez-vous la qualit\u00e9 ?<\/div>\r\n            <div class=\"dr-faq-answer-content\">\r\n                <div class=\"dr-faq-text\"><strong>Premi\u00e8re \u00e9tape :<\/strong> DFM compl\u00e8te au moment de l'\u00e9tablissement du devis par des ing\u00e9nieurs tr\u00e8s exp\u00e9riment\u00e9s. Ils mettront en \u00e9vidence les probl\u00e8mes \u00e9ventuels et proposeront des modifications. \r\n<strong>Deuxi\u00e8me \u00e9tape :<\/strong> Contr\u00f4le \u00e0 l'entr\u00e9e des mat\u00e9riaux avec nos propres <span class=\"dr-brand-color\">Spectrom\u00e8tre MIP<\/span>. \r\n<strong>Troisi\u00e8me \u00e9tape :<\/strong> Inspection compl\u00e8te du contr\u00f4le de qualit\u00e9 et rapport avant l'exp\u00e9dition.<\/div>\r\n            <\/div>\r\n        <\/div>\r\n\r\n        <!-- 12 -->\r\n        <div class=\"dr-faq-item\">\r\n            <div class=\"dr-faq-question-title\">Combien de temps faut-il pour obtenir un devis ?<\/div>\r\n            <div class=\"dr-faq-answer-content\">\r\n                <div class=\"dr-faq-text\">Nous nous effor\u00e7ons d'\u00e9tablir un devis pour tous les projets de prototypes dans un d\u00e9lai de 24 heures. Tous les projets d'outillage rapide dans les 24 heures. Tous les projets de moulage par injection, de production et d'outillage pour l'exportation dans un d\u00e9lai de 3 jours. Il arrive que Dakings Rapid n'offre pas de processus ou de mat\u00e9riaux en interne ; ces \u00e9l\u00e9ments peuvent allonger le devis et seront signal\u00e9s au fur et \u00e0 mesure.<\/div>\r\n            <\/div>\r\n        <\/div>\r\n\r\n        <!-- 13 -->\r\n        <div class=\"dr-faq-item\">\r\n            <div class=\"dr-faq-question-title\">Quels types de fichiers acceptez-vous pour l'\u00e9tablissement d'un devis ?<\/div>\r\n            <div class=\"dr-faq-answer-content\">\r\n                <div class=\"dr-faq-text\">Afin de fournir un devis pr\u00e9cis et rapide, nous n'acceptons que les fichiers CAO en 3D dans les formats suivants <span class=\"dr-brand-color\">STL, STEP ou IGES<\/span> format. Les dessins en 2D avec les dimensions de r\u00e9f\u00e9rence doivent \u00eatre au format PDF. Veuillez ne pas fournir d'autres informations sur la fabrication dans le cadre de la pr\u00e9sente documentation technique. Les communications informelles par SMS, Skype, courrier \u00e9lectronique, etc., ne seront pas consid\u00e9r\u00e9es comme admissibles \u00e0 des fins de fabrication.<\/div>\r\n            <\/div>\r\n        <\/div>\r\n\r\n        <!-- 14 -->\r\n        <div class=\"dr-faq-item\">\r\n            <div class=\"dr-faq-question-title\">Dakings peut-elle r\u00e9aliser des dessins pour moi ?<\/div>\r\n            <div class=\"dr-faq-answer-content\">\r\n                <div class=\"dr-faq-text\">Nous ne fournissons pas de services de conception. Il vous incombe de soumettre des dessins CAO en 2D et en 3D, et nous pouvons ensuite proc\u00e9der \u00e0 un examen de la conception pour la fabrication \u00e0 la r\u00e9ception de votre commande. Lisez comment pr\u00e9parer vos dessins de CAO pour la fabrication.<\/div>\r\n            <\/div>\r\n        <\/div>\r\n\r\n        <!-- 15 -->\r\n        <div class=\"dr-faq-item\">\r\n            <div class=\"dr-faq-question-title\">Quels sont les lieux d'op\u00e9ration de Dakings Rapid ?<\/div>\r\n            <div class=\"dr-faq-answer-content\">\r\n                <div class=\"dr-faq-text\">Dakings Rapid's <span class=\"dr-brand-color\">&gt;17000sqm<\/span> L'usine est situ\u00e9e \u00e0 ChangAn, Dongguan et le si\u00e8ge social, les \u00e9quipes de comptabilit\u00e9 et de projets sont \u00e0 Shajing, Shenzhen.<\/div>\r\n            <\/div>\r\n        <\/div>\r\n    <\/div>\r\n\r\n    <script>\r\n        document.addEventListener('DOMContentLoaded', () => {\r\n            const observer = new IntersectionObserver((entries) => {\r\n                entries.forEach((entry, index) => {\r\n                    if (entry.isIntersecting) {\r\n                        setTimeout(() => {\r\n                            entry.target.classList.add('dr-animate-in');\r\n                        }, index % 5 * 60);\r\n                        observer.unobserve(entry.target);\r\n                    }\r\n                });\r\n            }, { threshold: 0.1 });\r\n\r\n            document.querySelectorAll('.dr-faq-item').forEach(item => {\r\n                observer.observe(item);\r\n            });\r\n        });\r\n    <\/script>\r\n<\/body>\r\n<\/html>\t\t\t\t<\/div>\n\t\t\t\t\t<\/div>\n\t\t\t\t<\/div>\n\t\t\t\t<\/div>","protected":false},"excerpt":{"rendered":"<p>Frequently Asked Questions Find quick answers to our most important manufacturing and service questions.. FAQ &#8211; Dakings Rapid How can [&hellip;]<\/p>\n","protected":false},"author":1,"featured_media":0,"parent":0,"menu_order":0,"comment_status":"closed","ping_status":"closed","template":"","meta":{"site-sidebar-layout":"no-sidebar","site-content-layout":"","ast-site-content-layout":"full-width-container","site-content-style":"default","site-sidebar-style":"default","ast-global-header-display":"","ast-banner-title-visibility":"","ast-main-header-display":"","ast-hfb-above-header-display":"","ast-hfb-below-header-display":"","ast-hfb-mobile-header-display":"","site-post-title":"disabled","ast-breadcrumbs-content":"","ast-featured-img":"disabled","footer-sml-layout":"","ast-disable-related-posts":"","theme-transparent-header-meta":"","adv-header-id-meta":"","stick-header-meta":"","header-above-stick-meta":"","header-main-stick-meta":"","header-below-stick-meta":"","astra-migrate-meta-layouts":"default","ast-page-background-enabled":"default","ast-page-background-meta":{"desktop":{"background-color":"var(--ast-global-color-5)","background-image":"","background-repeat":"repeat","background-position":"center center","background-size":"auto","background-attachment":"scroll","background-type":"","background-media":"","overlay-type":"","overlay-color":"","overlay-opacity":"","overlay-gradient":""},"tablet":{"background-color":"","background-image":"","background-repeat":"repeat","background-position":"center center","background-size":"auto","background-attachment":"scroll","background-type":"","background-media":"","overlay-type":"","overlay-color":"","overlay-opacity":"","overlay-gradient":""},"mobile":{"background-color":"","background-image":"","background-repeat":"repeat","background-position":"center center","background-size":"auto","background-attachment":"scroll","background-type":"","background-media":"","overlay-type":"","overlay-color":"","overlay-opacity":"","overlay-gradient":""}},"ast-content-background-meta":{"desktop":{"background-color":"var(--ast-global-color-4)","background-image":"","background-repeat":"repeat","background-position":"center center","background-size":"auto","background-attachment":"scroll","background-type":"","background-media":"","overlay-type":"","overlay-color":"","overlay-opacity":"","overlay-gradient":""},"tablet":{"background-color":"var(--ast-global-color-4)","background-image":"","background-repeat":"repeat","background-position":"center center","background-size":"auto","background-attachment":"scroll","background-type":"","background-media":"","overlay-type":"","overlay-color":"","overlay-opacity":"","overlay-gradient":""},"mobile":{"background-color":"var(--ast-global-color-4)","background-image":"","background-repeat":"repeat","background-position":"center center","background-size":"auto","background-attachment":"scroll","background-type":"","background-media":"","overlay-type":"","overlay-color":"","overlay-opacity":"","overlay-gradient":""}},"footnotes":""},"class_list":["post-2585","page","type-page","status-publish","hentry"],"_links":{"self":[{"href":"https:\/\/www.dakingsrapid.com\/fr\/wp-json\/wp\/v2\/pages\/2585","targetHints":{"allow":["GET"]}}],"collection":[{"href":"https:\/\/www.dakingsrapid.com\/fr\/wp-json\/wp\/v2\/pages"}],"about":[{"href":"https:\/\/www.dakingsrapid.com\/fr\/wp-json\/wp\/v2\/types\/page"}],"author":[{"embeddable":true,"href":"https:\/\/www.dakingsrapid.com\/fr\/wp-json\/wp\/v2\/users\/1"}],"replies":[{"embeddable":true,"href":"https:\/\/www.dakingsrapid.com\/fr\/wp-json\/wp\/v2\/comments?post=2585"}],"version-history":[{"count":0,"href":"https:\/\/www.dakingsrapid.com\/fr\/wp-json\/wp\/v2\/pages\/2585\/revisions"}],"wp:attachment":[{"href":"https:\/\/www.dakingsrapid.com\/fr\/wp-json\/wp\/v2\/media?parent=2585"}],"curies":[{"name":"wp","href":"https:\/\/api.w.org\/{rel}","templated":true}]}}